{"id":665,"date":"2020-04-16T09:16:41","date_gmt":"2020-04-16T09:16:41","guid":{"rendered":"http:\/\/lalorrainedesecrivains.fr\/?page_id=665"},"modified":"2021-03-09T16:18:40","modified_gmt":"2021-03-09T16:18:40","slug":"mentions-legales","status":"publish","type":"page","link":"https:\/\/lalorrainedesecrivains.fr\/?page_id=665","title":{"rendered":"Mentions l\u00e9gales"},"content":{"rendered":"\n<p><strong>Sur les pas des \u00e9crivains en Lorraine<\/strong> est un site web produit par les Biblioth\u00e8ques de Nancy. Il met \u00e0 disposition des internautes des extraits et citations (texte et audio) de livres. Ces extraits sont s\u00e9lectionn\u00e9s, g\u00e9olocalis\u00e9s et enregistr\u00e9s par les biblioth\u00e9caires de Nancy et de la communaut\u00e9 d&rsquo;agglom\u00e9ration d&rsquo;\u00c9pinal. Dans le cadre du projet Biblioth\u00e8que num\u00e9rique de r\u00e9f\u00e9rence du Sillon Lorrain, le site fait l\u2019objet d\u2019un partenariat avec les Biblioth\u00e8ques et m\u00e9diath\u00e8ques intercommunales de la communaut\u00e9 d&rsquo;agglom\u00e9ration d\u2019\u00c9pinal.<br><br><strong>\u00c9diteur :<\/strong><br>Biblioth\u00e8ques de Nancy<br>Biblioth\u00e8que Stanislas,<br>43 rue Stanislas<br>54 000 Nancy<br><br><strong>Directeur de publication :<\/strong> Mathieu Klein, maire de Nancy<br><br><strong>Directeur de la communication <\/strong>: Fabio Purino<br><br><strong>D\u00e9veloppement :<\/strong> Site d\u00e9velopp\u00e9 avec WordPress. Le fond de carte utilis\u00e9 est <a href=\"http:\/\/openstreetmap.org\">Open Street Map<\/a>. Plusieurs images sont issues de Wikip\u00e9dia. <br><br><strong>H\u00e9bergement :<\/strong><br><a href=\"https:\/\/www.ovh.com\/fr\/\">OVH<\/a> ; SAS au capital de 10 069 020 \u20ac<br>RCS Lille M\u00e9tropole 424 761 419 00045<br>Code APE 2620Z<br>N\u00b0 TVA : FR 22 424 761 419<br>Si\u00e8ge social : 2 rue Kellermann &#8211; 59100 Roubaix &#8211; France<br><br><\/p>\n","protected":false},"excerpt":{"rendered":"<p>Sur les pas des \u00e9crivains en Lorraine est un site web produit par les Biblioth\u00e8ques de Nancy. Il met \u00e0 disposition des internautes des extraits et citations (texte et audio) de livres. Ces extraits sont s\u00e9lectionn\u00e9s, g\u00e9olocalis\u00e9s et enregistr\u00e9s par les biblioth\u00e9caires de Nancy et de la communaut\u00e9 d&rsquo;agglom\u00e9ration d&rsquo;\u00c9pinal. [&hellip;]<\/p>\n","protected":false},"author":1,"featured_media":0,"parent":0,"menu_order":0,"comment_status":"closed","ping_status":"closed","template":"","meta":[],"_links":{"self":[{"href":"https:\/\/lalorrainedesecrivains.fr\/index.php?rest_route=\/wp\/v2\/pages\/665"}],"collection":[{"href":"https:\/\/lalorrainedesecrivains.fr\/index.php?rest_route=\/wp\/v2\/pages"}],"about":[{"href":"https:\/\/lalorrainedesecrivains.fr\/index.php?rest_route=\/wp\/v2\/types\/page"}],"author":[{"embeddable":true,"href":"https:\/\/lalorrainedesecrivains.fr\/index.php?rest_route=\/wp\/v2\/users\/1"}],"replies":[{"embeddable":true,"href":"https:\/\/lalorrainedesecrivains.fr\/index.php?rest_route=%2Fwp%2Fv2%2Fcomments&post=665"}],"version-history":[{"count":12,"href":"https:\/\/lalorrainedesecrivains.fr\/index.php?rest_route=\/wp\/v2\/pages\/665\/revisions"}],"predecessor-version":[{"id":2129,"href":"https:\/\/lalorrainedesecrivains.fr\/index.php?rest_route=\/wp\/v2\/pages\/665\/revisions\/2129"}],"wp:attachment":[{"href":"https:\/\/lalorrainedesecrivains.fr\/index.php?rest_route=%2Fwp%2Fv2%2Fmedia&parent=665"}],"curies":[{"name":"wp","href":"https:\/\/api.w.org\/{rel}","templated":true}]}}