{"id":611,"date":"2020-04-14T14:14:47","date_gmt":"2020-04-14T14:14:47","guid":{"rendered":"http:\/\/lalorrainedesecrivains.fr\/?page_id=611"},"modified":"2021-06-24T07:20:35","modified_gmt":"2021-06-24T07:20:35","slug":"home","status":"publish","type":"page","link":"https:\/\/lalorrainedesecrivains.fr\/","title":{"rendered":"Accueil"},"content":{"rendered":"\n<div class=\"wp-block-group\"><div class=\"wp-block-group__inner-container is-layout-flow\">\n<blockquote class=\"wp-block-quote\"><p>\u00c0 l&rsquo;invitation des Biblioth\u00e8ques, partez sur les pas des \u00e9crivains pour lire et \u00e9couter des extraits litt\u00e9raires \u00e9voquant des lieux situ\u00e9s en Lorraine.<\/p><\/blockquote>\n\n\n\n<div class=\"wp-block-group\"><div class=\"wp-block-group__inner-container is-layout-flow\">\n<div class=\"wp-block-group is-layout-flow\"><div class=\"wp-block-group__inner-container\"><\/div><\/div>\n<\/div><\/div>\n<\/div><\/div>\n","protected":false},"excerpt":{"rendered":"<p>\u00c0 l&rsquo;invitation des Biblioth\u00e8ques, partez sur les pas des \u00e9crivains pour lire et \u00e9couter des extraits litt\u00e9raires \u00e9voquant des lieux situ\u00e9s en Lorraine.<\/p>\n","protected":false},"author":1,"featured_media":0,"parent":0,"menu_order":0,"comment_status":"closed","ping_status":"closed","template":"","meta":[],"_links":{"self":[{"href":"https:\/\/lalorrainedesecrivains.fr\/index.php?rest_route=\/wp\/v2\/pages\/611"}],"collection":[{"href":"https:\/\/lalorrainedesecrivains.fr\/index.php?rest_route=\/wp\/v2\/pages"}],"about":[{"href":"https:\/\/lalorrainedesecrivains.fr\/index.php?rest_route=\/wp\/v2\/types\/page"}],"author":[{"embeddable":true,"href":"https:\/\/lalorrainedesecrivains.fr\/index.php?rest_route=\/wp\/v2\/users\/1"}],"replies":[{"embeddable":true,"href":"https:\/\/lalorrainedesecrivains.fr\/index.php?rest_route=%2Fwp%2Fv2%2Fcomments&post=611"}],"version-history":[{"count":15,"href":"https:\/\/lalorrainedesecrivains.fr\/index.php?rest_route=\/wp\/v2\/pages\/611\/revisions"}],"predecessor-version":[{"id":4968,"href":"https:\/\/lalorrainedesecrivains.fr\/index.php?rest_route=\/wp\/v2\/pages\/611\/revisions\/4968"}],"wp:attachment":[{"href":"https:\/\/lalorrainedesecrivains.fr\/index.php?rest_route=%2Fwp%2Fv2%2Fmedia&parent=611"}],"curies":[{"name":"wp","href":"https:\/\/api.w.org\/{rel}","templated":true}]}}