{"id":244,"date":"2015-09-03T13:41:10","date_gmt":"2015-09-03T13:41:10","guid":{"rendered":"http:\/\/lalorrainedesecrivains.fr\/?page_id=244"},"modified":"2026-02-05T18:53:17","modified_gmt":"2026-02-05T18:53:17","slug":"a-propos","status":"publish","type":"page","link":"https:\/\/lalorrainedesecrivains.fr\/?page_id=244","title":{"rendered":"Projet"},"content":{"rendered":"\n<div class=\"wp-block-group is-layout-flow\"><div class=\"wp-block-group__inner-container\">\n<p><span style=\"font-weight: 400; color: #000000;\">Qui n\u2019a pas r\u00eav\u00e9 de mettre ses pas dans ceux des \u00e9crivains, po\u00e8tes et romanciers, pour une promenade litt\u00e9raire dans les rues des villes, des sentiers de campagne et de montagne de Lorraine ?<\/span><\/p>\n<p><span style=\"font-weight: 400; color: #000000;\">Les Biblioth\u00e8ques de Nancy et leurs associ\u00e9es du Sillon lorrain vous proposent de parcourir la Lorraine dans les pas des \u00e9crivains qui l&rsquo;ont arpent\u00e9e, c\u00e9l\u00e9br\u00e9e ou ha\u00efe.<\/span><\/p>\n<p><span style=\"font-weight: 400; color: #000000;\">Cliquez sur un point de la carte, puis un autre, et laissez-vous bercer au gr\u00e9 de vos promenades. \u00c0 travers tous ces extraits de texte choisis, lus et g\u00e9olocalis\u00e9s par les biblioth\u00e9caires de Nancy et d\u2019\u00c9pinal, les \u00e9crivains vous racontent leur Lorraine.\u00a0<\/span><\/p>\n<p><span style=\"font-weight: 400; color: #000000;\">Bonne balade !<\/span><\/p>\n<p><strong><span style=\"color: #000000;\">L&rsquo;int\u00e9gralit\u00e9 des livres r\u00e9f\u00e9renc\u00e9s est empruntable ou consultable dans les biblioth\u00e8ques partenaires. <\/span><\/strong><\/p>\n<p><strong><span style=\"color: #000000;\"><\/span><\/strong><strong data-rich-text-format-boundary=\"true\">\u00c9quipes projet :<\/strong><br data-rich-text-line-break=\"true\" \/><em>Biblioth\u00e8ques de Nancy<\/em><br data-rich-text-line-break=\"true\" \/><span>Coordination projet : Laurence Dupeyron, Claire Haquet.<\/span><br data-rich-text-line-break=\"true\" \/><span>S\u00e9lection des textes : Laurence Dupeyron. Relecture : Sylvie Marchand, Fran\u00e7oise Veil.<\/span><span>\u00a0 \u00a0 \u00a0 \u00a0 \u00a0 \u00a0 \u00a0 \u00a0 \u00a0 \u00a0 \u00a0 \u00a0 \u00a0 \u00a0 \u00a0 \u00a0 \u00a0 \u00a0 \u00a0 \u00a0 \u00a0 \u00a0 \u00a0<\/span><br data-rich-text-line-break=\"true\" \/><span>Conception technique : Damien V, Laurence Dupeyron.<\/span><br data-rich-text-line-break=\"true\" \/><span>Voix : Lucie Behr, Agathe B\u00e9via, Emilie Bonilla, Laurence Barbier, \u00c9milie Brasseur, Christine Bricard, Anne Charaud, Catherine Conraud, Claire Dantin, Amandine Didelot, Laurence Dupeyron, Graziella Favorito, Sophie Goussot, Chantal Kon\u00e9, Priscille Leroy, C\u00e9line L&rsquo;Huillier, Vincent Locatelli, Jean-Michel Poiret, St\u00e9phanie Renaud, Claire Royer, Fran\u00e7oise Veil.<\/span><br data-rich-text-line-break=\"true\" \/><br data-rich-text-line-break=\"true\" \/><em>Biblioth\u00e8ques et m\u00e9diath\u00e8ques de la communaut\u00e9 d\u2019agglom\u00e9ration d\u2019\u00c9pinal<\/em><br data-rich-text-line-break=\"true\" \/><span>S\u00e9lection des textes : Sophie Armbruster.<\/span><br data-rich-text-line-break=\"true\" \/><span>Enregistrement : Aur\u00e9lie Demange.<\/span><br data-rich-text-line-break=\"true\" \/><span>Voix : Damien Didier-Laurent, Fanny Laurent, Pauline L\u2019H\u00f4te.<\/span><\/p>\n<p>Cr\u00e9dits photographiques : Licence creative commons, sauf mention contraire<\/p>\n<p><span style=\"font-weight: 400;\">\u00a0<\/span><\/p>\n<\/div><\/div>\n","protected":false},"excerpt":{"rendered":"<p>Qui n\u2019a pas r\u00eav\u00e9 de mettre ses pas dans ceux des \u00e9crivains, po\u00e8tes et romanciers, pour une promenade litt\u00e9raire dans les rues des villes, des sentiers de campagne et de montagne de Lorraine ? Les Biblioth\u00e8ques de Nancy et leurs associ\u00e9es du Sillon lorrain vous proposent de parcourir la Lorraine [&hellip;]<\/p>\n","protected":false},"author":1,"featured_media":0,"parent":0,"menu_order":0,"comment_status":"closed","ping_status":"open","template":"","meta":[],"_links":{"self":[{"href":"https:\/\/lalorrainedesecrivains.fr\/index.php?rest_route=\/wp\/v2\/pages\/244"}],"collection":[{"href":"https:\/\/lalorrainedesecrivains.fr\/index.php?rest_route=\/wp\/v2\/pages"}],"about":[{"href":"https:\/\/lalorrainedesecrivains.fr\/index.php?rest_route=\/wp\/v2\/types\/page"}],"author":[{"embeddable":true,"href":"https:\/\/lalorrainedesecrivains.fr\/index.php?rest_route=\/wp\/v2\/users\/1"}],"replies":[{"embeddable":true,"href":"https:\/\/lalorrainedesecrivains.fr\/index.php?rest_route=%2Fwp%2Fv2%2Fcomments&post=244"}],"version-history":[{"count":37,"href":"https:\/\/lalorrainedesecrivains.fr\/index.php?rest_route=\/wp\/v2\/pages\/244\/revisions"}],"predecessor-version":[{"id":5244,"href":"https:\/\/lalorrainedesecrivains.fr\/index.php?rest_route=\/wp\/v2\/pages\/244\/revisions\/5244"}],"wp:attachment":[{"href":"https:\/\/lalorrainedesecrivains.fr\/index.php?rest_route=%2Fwp%2Fv2%2Fmedia&parent=244"}],"curies":[{"name":"wp","href":"https:\/\/api.w.org\/{rel}","templated":true}]}}